{"id":1234,"date":"2023-03-02T09:22:40","date_gmt":"2023-03-02T08:22:40","guid":{"rendered":"https:\/\/www.etagnac.fr\/?page_id=1234"},"modified":"2024-09-13T09:48:34","modified_gmt":"2024-09-13T07:48:34","slug":"creche-communale","status":"publish","type":"page","link":"https:\/\/www.etagnac.fr\/?page_id=1234","title":{"rendered":"Cr\u00e8che Communale"},"content":{"rendered":"\n<figure class=\"wp-block-image size-large\"><img loading=\"lazy\" decoding=\"async\" width=\"888\" height=\"1024\" src=\"https:\/\/www.etagnac.fr\/wp-content\/uploads\/2024\/09\/article-septembre-2024-charente-libre-888x1024.jpg\" alt=\"\" class=\"wp-image-2016\" srcset=\"https:\/\/www.etagnac.fr\/wp-content\/uploads\/2024\/09\/article-septembre-2024-charente-libre-888x1024.jpg 888w, https:\/\/www.etagnac.fr\/wp-content\/uploads\/2024\/09\/article-septembre-2024-charente-libre-260x300.jpg 260w, https:\/\/www.etagnac.fr\/wp-content\/uploads\/2024\/09\/article-septembre-2024-charente-libre-768x886.jpg 768w, https:\/\/www.etagnac.fr\/wp-content\/uploads\/2024\/09\/article-septembre-2024-charente-libre.jpg 1211w\" sizes=\"auto, (max-width: 888px) 100vw, 888px\" \/><\/figure>\n\n\n\n<hr class=\"wp-block-separator has-alpha-channel-opacity\"\/>\n\n\n\n<p>La cr\u00e8che a ouvert ses portes en septembre 2024, elle accueille de 10 \u00e0 12 enfants. <br>Id\u00e9alement situ\u00e9e \u00e0 25 min de Limoges 50 min d&rsquo;Angoul\u00eame et 10 min de Saint-Junien elle propose des services de qualit\u00e9s dans des locaux neufs et aux normes.<br>&#8211; Mobiliers Les 3 Ours<br>&#8211; Superbe structure de motricit\u00e9 qui promet de belles d\u00e9couvertes de confiance en soi<br>&#8211; Meuble de change avec escalier escamotable pour d\u00e9velopper l&rsquo;autonomie et prot\u00e9ger le dos des professionnels.  <br>&#8211; Et toujours cette vue sur la for\u00eat<br>&#8211; Aire de jeu ext\u00e9rieure<\/p>\n\n\n\n<figure class=\"wp-block-gallery has-nested-images columns-default is-cropped wp-block-gallery-1 is-layout-flex wp-block-gallery-is-layout-flex\">\n<figure class=\"wp-block-image size-large\"><img loading=\"lazy\" decoding=\"async\" width=\"1024\" height=\"822\" data-id=\"2008\" src=\"https:\/\/www.etagnac.fr\/wp-content\/uploads\/2024\/09\/452023346_122106441446404240_828954647473707304_n-1024x822.jpg\" alt=\"\" class=\"wp-image-2008\" srcset=\"https:\/\/www.etagnac.fr\/wp-content\/uploads\/2024\/09\/452023346_122106441446404240_828954647473707304_n-1024x822.jpg 1024w, https:\/\/www.etagnac.fr\/wp-content\/uploads\/2024\/09\/452023346_122106441446404240_828954647473707304_n-300x241.jpg 300w, https:\/\/www.etagnac.fr\/wp-content\/uploads\/2024\/09\/452023346_122106441446404240_828954647473707304_n-768x616.jpg 768w, https:\/\/www.etagnac.fr\/wp-content\/uploads\/2024\/09\/452023346_122106441446404240_828954647473707304_n.jpg 1306w\" sizes=\"auto, (max-width: 1024px) 100vw, 1024px\" \/><\/figure>\n\n\n\n<figure class=\"wp-block-image size-large\"><img loading=\"lazy\" decoding=\"async\" width=\"768\" height=\"1024\" data-id=\"2009\" src=\"https:\/\/www.etagnac.fr\/wp-content\/uploads\/2024\/09\/20240724_100857-2-768x1024.jpg\" alt=\"\" class=\"wp-image-2009\" srcset=\"https:\/\/www.etagnac.fr\/wp-content\/uploads\/2024\/09\/20240724_100857-2-768x1024.jpg 768w, https:\/\/www.etagnac.fr\/wp-content\/uploads\/2024\/09\/20240724_100857-2-225x300.jpg 225w, https:\/\/www.etagnac.fr\/wp-content\/uploads\/2024\/09\/20240724_100857-2-1152x1536.jpg 1152w, https:\/\/www.etagnac.fr\/wp-content\/uploads\/2024\/09\/20240724_100857-2-1536x2048.jpg 1536w, https:\/\/www.etagnac.fr\/wp-content\/uploads\/2024\/09\/20240724_100857-2-scaled.jpg 1920w\" sizes=\"auto, (max-width: 768px) 100vw, 768px\" \/><\/figure>\n\n\n\n<figure class=\"wp-block-image size-large\"><img loading=\"lazy\" decoding=\"async\" width=\"1024\" height=\"768\" data-id=\"2007\" src=\"https:\/\/www.etagnac.fr\/wp-content\/uploads\/2024\/09\/452297824_122106441434404240_474153367591515468_n-1-1024x768.jpg\" alt=\"\" class=\"wp-image-2007\" srcset=\"https:\/\/www.etagnac.fr\/wp-content\/uploads\/2024\/09\/452297824_122106441434404240_474153367591515468_n-1-1024x768.jpg 1024w, https:\/\/www.etagnac.fr\/wp-content\/uploads\/2024\/09\/452297824_122106441434404240_474153367591515468_n-1-300x225.jpg 300w, https:\/\/www.etagnac.fr\/wp-content\/uploads\/2024\/09\/452297824_122106441434404240_474153367591515468_n-1-768x576.jpg 768w, https:\/\/www.etagnac.fr\/wp-content\/uploads\/2024\/09\/452297824_122106441434404240_474153367591515468_n-1-1536x1152.jpg 1536w, https:\/\/www.etagnac.fr\/wp-content\/uploads\/2024\/09\/452297824_122106441434404240_474153367591515468_n-1.jpg 1600w\" sizes=\"auto, (max-width: 1024px) 100vw, 1024px\" \/><\/figure>\n\n\n\n<figure class=\"wp-block-image size-large\"><img loading=\"lazy\" decoding=\"async\" width=\"768\" height=\"1024\" data-id=\"2004\" src=\"https:\/\/www.etagnac.fr\/wp-content\/uploads\/2024\/09\/452756022_122107516802404240_7264634782588970240_n-2-768x1024.jpg\" alt=\"\" class=\"wp-image-2004\" srcset=\"https:\/\/www.etagnac.fr\/wp-content\/uploads\/2024\/09\/452756022_122107516802404240_7264634782588970240_n-2-768x1024.jpg 768w, https:\/\/www.etagnac.fr\/wp-content\/uploads\/2024\/09\/452756022_122107516802404240_7264634782588970240_n-2-225x300.jpg 225w, https:\/\/www.etagnac.fr\/wp-content\/uploads\/2024\/09\/452756022_122107516802404240_7264634782588970240_n-2-1152x1536.jpg 1152w, https:\/\/www.etagnac.fr\/wp-content\/uploads\/2024\/09\/452756022_122107516802404240_7264634782588970240_n-2.jpg 1536w\" sizes=\"auto, (max-width: 768px) 100vw, 768px\" \/><\/figure>\n\n\n\n<figure class=\"wp-block-image size-large\"><img loading=\"lazy\" decoding=\"async\" width=\"768\" height=\"1024\" data-id=\"2005\" src=\"https:\/\/www.etagnac.fr\/wp-content\/uploads\/2024\/09\/453012915_122107516784404240_7301817336202153415_n-2-768x1024.jpg\" alt=\"\" class=\"wp-image-2005\" srcset=\"https:\/\/www.etagnac.fr\/wp-content\/uploads\/2024\/09\/453012915_122107516784404240_7301817336202153415_n-2-768x1024.jpg 768w, https:\/\/www.etagnac.fr\/wp-content\/uploads\/2024\/09\/453012915_122107516784404240_7301817336202153415_n-2-225x300.jpg 225w, https:\/\/www.etagnac.fr\/wp-content\/uploads\/2024\/09\/453012915_122107516784404240_7301817336202153415_n-2-1152x1536.jpg 1152w, https:\/\/www.etagnac.fr\/wp-content\/uploads\/2024\/09\/453012915_122107516784404240_7301817336202153415_n-2.jpg 1536w\" sizes=\"auto, (max-width: 768px) 100vw, 768px\" \/><\/figure>\n\n\n\n<figure class=\"wp-block-image size-large\"><img loading=\"lazy\" decoding=\"async\" width=\"1024\" height=\"768\" data-id=\"2006\" src=\"https:\/\/www.etagnac.fr\/wp-content\/uploads\/2024\/09\/453412815_122107516862404240_4005250705862509339_n-2-1024x768.jpg\" alt=\"\" class=\"wp-image-2006\" srcset=\"https:\/\/www.etagnac.fr\/wp-content\/uploads\/2024\/09\/453412815_122107516862404240_4005250705862509339_n-2-1024x768.jpg 1024w, https:\/\/www.etagnac.fr\/wp-content\/uploads\/2024\/09\/453412815_122107516862404240_4005250705862509339_n-2-300x225.jpg 300w, https:\/\/www.etagnac.fr\/wp-content\/uploads\/2024\/09\/453412815_122107516862404240_4005250705862509339_n-2-768x576.jpg 768w, https:\/\/www.etagnac.fr\/wp-content\/uploads\/2024\/09\/453412815_122107516862404240_4005250705862509339_n-2-1536x1152.jpg 1536w, https:\/\/www.etagnac.fr\/wp-content\/uploads\/2024\/09\/453412815_122107516862404240_4005250705862509339_n-2.jpg 2048w\" sizes=\"auto, (max-width: 1024px) 100vw, 1024px\" \/><\/figure>\n\n\n\n<figure class=\"wp-block-image size-large\"><img loading=\"lazy\" decoding=\"async\" width=\"1024\" height=\"768\" data-id=\"2011\" src=\"https:\/\/www.etagnac.fr\/wp-content\/uploads\/2024\/09\/449818334_122098894760404240_8411139542078506573_o-1-1024x768.jpg\" alt=\"\" class=\"wp-image-2011\" srcset=\"https:\/\/www.etagnac.fr\/wp-content\/uploads\/2024\/09\/449818334_122098894760404240_8411139542078506573_o-1-1024x768.jpg 1024w, https:\/\/www.etagnac.fr\/wp-content\/uploads\/2024\/09\/449818334_122098894760404240_8411139542078506573_o-1-300x225.jpg 300w, https:\/\/www.etagnac.fr\/wp-content\/uploads\/2024\/09\/449818334_122098894760404240_8411139542078506573_o-1-768x576.jpg 768w, https:\/\/www.etagnac.fr\/wp-content\/uploads\/2024\/09\/449818334_122098894760404240_8411139542078506573_o-1-1536x1152.jpg 1536w, https:\/\/www.etagnac.fr\/wp-content\/uploads\/2024\/09\/449818334_122098894760404240_8411139542078506573_o-1.jpg 2048w\" sizes=\"auto, (max-width: 1024px) 100vw, 1024px\" \/><\/figure>\n<\/figure>\n\n\n\n<hr class=\"wp-block-separator has-alpha-channel-opacity\"\/>\n\n\n\n<p>La cr\u00e9ation d&rsquo;une cr\u00e8che est en cours sur notre commune. Elle fera 166,50 m2, sera situ\u00e9e au 7 All\u00e9e du Parc entre la salle des f\u00eates et le parc communal elle pourra accueillir de 10 \u00e0 12 enfants maximum. L&rsquo;ouverture est pr\u00e9vue pour le mois de septembre 2024.<br>Pour plus de renseignements concernant les r\u00e9servations vous pouvez contacter Mme Chapron. <a href=\"https:\/\/www.pandaetkoala.fr\/\" data-type=\"link\" data-id=\"https:\/\/www.pandaetkoala.fr\/\">https:\/\/www.pandaetkoala.fr\/<\/a><\/p>\n\n\n\n<p>Pour les inscriptions suivre le lien ci-dessous <br><a href=\"https:\/\/www.pandaetkoala.fr\/?fbclid=IwAR23ybeM9ZyCWs5J9v6lTbu9VogBah2WMVr03DexSgsUHy4RFlBo327vrME\">https:\/\/www.pandaetkoala.fr\/?fbclid=IwAR23ybeM9ZyCWs5J9v6lTbu9VogBah2WMVr03DexSgsUHy4RFlBo327vrME<\/a><\/p>\n\n\n\n<hr class=\"wp-block-separator has-alpha-channel-opacity\"\/>\n\n\n\n<figure class=\"wp-block-gallery has-nested-images columns-default is-cropped wp-block-gallery-2 is-layout-flex wp-block-gallery-is-layout-flex\">\n<figure class=\"wp-block-image size-large\"><img loading=\"lazy\" decoding=\"async\" width=\"628\" height=\"1024\" data-id=\"1827\" src=\"https:\/\/www.etagnac.fr\/wp-content\/uploads\/2024\/05\/439283473_412924218298583_2870708214882679674_n-628x1024.jpg\" alt=\"\" class=\"wp-image-1827\" srcset=\"https:\/\/www.etagnac.fr\/wp-content\/uploads\/2024\/05\/439283473_412924218298583_2870708214882679674_n-628x1024.jpg 628w, https:\/\/www.etagnac.fr\/wp-content\/uploads\/2024\/05\/439283473_412924218298583_2870708214882679674_n-184x300.jpg 184w, https:\/\/www.etagnac.fr\/wp-content\/uploads\/2024\/05\/439283473_412924218298583_2870708214882679674_n-768x1252.jpg 768w, https:\/\/www.etagnac.fr\/wp-content\/uploads\/2024\/05\/439283473_412924218298583_2870708214882679674_n-942x1536.jpg 942w, https:\/\/www.etagnac.fr\/wp-content\/uploads\/2024\/05\/439283473_412924218298583_2870708214882679674_n.jpg 1256w\" sizes=\"auto, (max-width: 628px) 100vw, 628px\" \/><\/figure>\n\n\n\n<figure class=\"wp-block-image size-large\"><img loading=\"lazy\" decoding=\"async\" width=\"759\" height=\"1024\" data-id=\"1828\" src=\"https:\/\/www.etagnac.fr\/wp-content\/uploads\/2024\/05\/440479387_412924274965244_6655948317606463787_n-759x1024.jpg\" alt=\"\" class=\"wp-image-1828\" srcset=\"https:\/\/www.etagnac.fr\/wp-content\/uploads\/2024\/05\/440479387_412924274965244_6655948317606463787_n-759x1024.jpg 759w, https:\/\/www.etagnac.fr\/wp-content\/uploads\/2024\/05\/440479387_412924274965244_6655948317606463787_n-222x300.jpg 222w, https:\/\/www.etagnac.fr\/wp-content\/uploads\/2024\/05\/440479387_412924274965244_6655948317606463787_n-768x1036.jpg 768w, https:\/\/www.etagnac.fr\/wp-content\/uploads\/2024\/05\/440479387_412924274965244_6655948317606463787_n-1139x1536.jpg 1139w, https:\/\/www.etagnac.fr\/wp-content\/uploads\/2024\/05\/440479387_412924274965244_6655948317606463787_n.jpg 1335w\" sizes=\"auto, (max-width: 759px) 100vw, 759px\" \/><\/figure>\n<\/figure>\n\n\n\n<figure class=\"wp-block-gallery has-nested-images columns-default is-cropped wp-block-gallery-3 is-layout-flex wp-block-gallery-is-layout-flex\">\n<figure class=\"wp-block-image size-large\"><img loading=\"lazy\" decoding=\"async\" width=\"1019\" height=\"1024\" data-id=\"1829\" src=\"https:\/\/www.etagnac.fr\/wp-content\/uploads\/2024\/05\/439276996_412924281631910_7702085814358441536_n-1019x1024.jpg\" alt=\"\" class=\"wp-image-1829\" srcset=\"https:\/\/www.etagnac.fr\/wp-content\/uploads\/2024\/05\/439276996_412924281631910_7702085814358441536_n-1019x1024.jpg 1019w, https:\/\/www.etagnac.fr\/wp-content\/uploads\/2024\/05\/439276996_412924281631910_7702085814358441536_n-300x300.jpg 300w, https:\/\/www.etagnac.fr\/wp-content\/uploads\/2024\/05\/439276996_412924281631910_7702085814358441536_n-150x150.jpg 150w, https:\/\/www.etagnac.fr\/wp-content\/uploads\/2024\/05\/439276996_412924281631910_7702085814358441536_n-768x772.jpg 768w, https:\/\/www.etagnac.fr\/wp-content\/uploads\/2024\/05\/439276996_412924281631910_7702085814358441536_n-1529x1536.jpg 1529w, https:\/\/www.etagnac.fr\/wp-content\/uploads\/2024\/05\/439276996_412924281631910_7702085814358441536_n.jpg 1640w\" sizes=\"auto, (max-width: 1019px) 100vw, 1019px\" \/><\/figure>\n\n\n\n<figure class=\"wp-block-image size-large\"><img loading=\"lazy\" decoding=\"async\" width=\"1013\" height=\"1024\" data-id=\"1830\" src=\"https:\/\/www.etagnac.fr\/wp-content\/uploads\/2024\/05\/440424876_412924224965249_8161277378003539146_n-1013x1024.jpg\" alt=\"\" class=\"wp-image-1830\" srcset=\"https:\/\/www.etagnac.fr\/wp-content\/uploads\/2024\/05\/440424876_412924224965249_8161277378003539146_n-1013x1024.jpg 1013w, https:\/\/www.etagnac.fr\/wp-content\/uploads\/2024\/05\/440424876_412924224965249_8161277378003539146_n-297x300.jpg 297w, https:\/\/www.etagnac.fr\/wp-content\/uploads\/2024\/05\/440424876_412924224965249_8161277378003539146_n-768x776.jpg 768w, https:\/\/www.etagnac.fr\/wp-content\/uploads\/2024\/05\/440424876_412924224965249_8161277378003539146_n-1520x1536.jpg 1520w, https:\/\/www.etagnac.fr\/wp-content\/uploads\/2024\/05\/440424876_412924224965249_8161277378003539146_n.jpg 1640w\" sizes=\"auto, (max-width: 1013px) 100vw, 1013px\" \/><\/figure>\n<\/figure>\n\n\n\n<hr class=\"wp-block-separator has-alpha-channel-opacity\"\/>\n\n\n\n<figure class=\"wp-block-gallery has-nested-images columns-default is-cropped wp-block-gallery-4 is-layout-flex wp-block-gallery-is-layout-flex\">\n<figure class=\"wp-block-image size-large\"><img loading=\"lazy\" decoding=\"async\" width=\"315\" height=\"315\" data-id=\"1774\" src=\"https:\/\/www.etagnac.fr\/wp-content\/uploads\/2024\/03\/428480919_372492562341749_9198378315206165964_n.jpg\" alt=\"\" class=\"wp-image-1774\" srcset=\"https:\/\/www.etagnac.fr\/wp-content\/uploads\/2024\/03\/428480919_372492562341749_9198378315206165964_n.jpg 315w, https:\/\/www.etagnac.fr\/wp-content\/uploads\/2024\/03\/428480919_372492562341749_9198378315206165964_n-300x300.jpg 300w, https:\/\/www.etagnac.fr\/wp-content\/uploads\/2024\/03\/428480919_372492562341749_9198378315206165964_n-150x150.jpg 150w\" sizes=\"auto, (max-width: 315px) 100vw, 315px\" \/><\/figure>\n\n\n\n<figure class=\"wp-block-image size-large\"><img loading=\"lazy\" decoding=\"async\" width=\"315\" height=\"315\" data-id=\"1775\" src=\"https:\/\/www.etagnac.fr\/wp-content\/uploads\/2024\/03\/430252880_375554712035534_4197914031006355590_n.jpg\" alt=\"\" class=\"wp-image-1775\" srcset=\"https:\/\/www.etagnac.fr\/wp-content\/uploads\/2024\/03\/430252880_375554712035534_4197914031006355590_n.jpg 315w, https:\/\/www.etagnac.fr\/wp-content\/uploads\/2024\/03\/430252880_375554712035534_4197914031006355590_n-300x300.jpg 300w, https:\/\/www.etagnac.fr\/wp-content\/uploads\/2024\/03\/430252880_375554712035534_4197914031006355590_n-150x150.jpg 150w\" sizes=\"auto, (max-width: 315px) 100vw, 315px\" \/><\/figure>\n\n\n\n<figure class=\"wp-block-image size-large\"><img loading=\"lazy\" decoding=\"async\" width=\"315\" height=\"315\" data-id=\"1777\" src=\"https:\/\/www.etagnac.fr\/wp-content\/uploads\/2024\/03\/430310679_375554718702200_5974155231084363039_n.jpg\" alt=\"\" class=\"wp-image-1777\" srcset=\"https:\/\/www.etagnac.fr\/wp-content\/uploads\/2024\/03\/430310679_375554718702200_5974155231084363039_n.jpg 315w, https:\/\/www.etagnac.fr\/wp-content\/uploads\/2024\/03\/430310679_375554718702200_5974155231084363039_n-300x300.jpg 300w, https:\/\/www.etagnac.fr\/wp-content\/uploads\/2024\/03\/430310679_375554718702200_5974155231084363039_n-150x150.jpg 150w\" sizes=\"auto, (max-width: 315px) 100vw, 315px\" \/><\/figure>\n<\/figure>\n\n\n\n<p class=\"has-text-align-center\">Mars 2024<\/p>\n\n\n\n<hr class=\"wp-block-separator has-alpha-channel-opacity\"\/>\n\n\n\n<div style=\"height:50px\" aria-hidden=\"true\" class=\"wp-block-spacer\"><\/div>\n\n\n\n<div class=\"wp-block-group\"><div class=\"wp-block-group__inner-container is-layout-constrained wp-block-group-is-layout-constrained\">\n<figure class=\"wp-block-gallery has-nested-images columns-default is-cropped wp-block-gallery-5 is-layout-flex wp-block-gallery-is-layout-flex\">\n<figure class=\"wp-block-image size-large\"><img loading=\"lazy\" decoding=\"async\" width=\"1024\" height=\"472\" data-id=\"1740\" src=\"https:\/\/www.etagnac.fr\/wp-content\/uploads\/2024\/02\/20240129_172533-1024x472.jpg\" alt=\"\" class=\"wp-image-1740\" srcset=\"https:\/\/www.etagnac.fr\/wp-content\/uploads\/2024\/02\/20240129_172533-1024x472.jpg 1024w, https:\/\/www.etagnac.fr\/wp-content\/uploads\/2024\/02\/20240129_172533-300x138.jpg 300w, https:\/\/www.etagnac.fr\/wp-content\/uploads\/2024\/02\/20240129_172533-768x354.jpg 768w, https:\/\/www.etagnac.fr\/wp-content\/uploads\/2024\/02\/20240129_172533-1536x709.jpg 1536w, https:\/\/www.etagnac.fr\/wp-content\/uploads\/2024\/02\/20240129_172533-2048x945.jpg 2048w\" sizes=\"auto, (max-width: 1024px) 100vw, 1024px\" \/><\/figure>\n\n\n\n<figure class=\"wp-block-image size-large\"><img loading=\"lazy\" decoding=\"async\" width=\"1024\" height=\"472\" data-id=\"1741\" src=\"https:\/\/www.etagnac.fr\/wp-content\/uploads\/2024\/02\/20240129_172554-1024x472.jpg\" alt=\"\" class=\"wp-image-1741\" srcset=\"https:\/\/www.etagnac.fr\/wp-content\/uploads\/2024\/02\/20240129_172554-1024x472.jpg 1024w, https:\/\/www.etagnac.fr\/wp-content\/uploads\/2024\/02\/20240129_172554-300x138.jpg 300w, https:\/\/www.etagnac.fr\/wp-content\/uploads\/2024\/02\/20240129_172554-768x354.jpg 768w, https:\/\/www.etagnac.fr\/wp-content\/uploads\/2024\/02\/20240129_172554-1536x709.jpg 1536w, https:\/\/www.etagnac.fr\/wp-content\/uploads\/2024\/02\/20240129_172554-2048x945.jpg 2048w\" sizes=\"auto, (max-width: 1024px) 100vw, 1024px\" \/><\/figure>\n<\/figure>\n<\/div><\/div>\n\n\n\n<figure class=\"wp-block-gallery has-nested-images columns-default is-cropped wp-block-gallery-6 is-layout-flex wp-block-gallery-is-layout-flex\">\n<figure class=\"wp-block-image size-large\"><img loading=\"lazy\" decoding=\"async\" width=\"1024\" height=\"472\" data-id=\"1742\" src=\"https:\/\/www.etagnac.fr\/wp-content\/uploads\/2024\/02\/20240129_172600-1024x472.jpg\" alt=\"\" class=\"wp-image-1742\" srcset=\"https:\/\/www.etagnac.fr\/wp-content\/uploads\/2024\/02\/20240129_172600-1024x472.jpg 1024w, https:\/\/www.etagnac.fr\/wp-content\/uploads\/2024\/02\/20240129_172600-300x138.jpg 300w, https:\/\/www.etagnac.fr\/wp-content\/uploads\/2024\/02\/20240129_172600-768x354.jpg 768w, https:\/\/www.etagnac.fr\/wp-content\/uploads\/2024\/02\/20240129_172600-1536x709.jpg 1536w, https:\/\/www.etagnac.fr\/wp-content\/uploads\/2024\/02\/20240129_172600-2048x945.jpg 2048w\" sizes=\"auto, (max-width: 1024px) 100vw, 1024px\" \/><\/figure>\n\n\n\n<figure class=\"wp-block-image size-large\"><img loading=\"lazy\" decoding=\"async\" width=\"1024\" height=\"472\" data-id=\"1743\" src=\"https:\/\/www.etagnac.fr\/wp-content\/uploads\/2024\/02\/20240219_164438-1024x472.jpg\" alt=\"\" class=\"wp-image-1743\" srcset=\"https:\/\/www.etagnac.fr\/wp-content\/uploads\/2024\/02\/20240219_164438-1024x472.jpg 1024w, https:\/\/www.etagnac.fr\/wp-content\/uploads\/2024\/02\/20240219_164438-300x138.jpg 300w, https:\/\/www.etagnac.fr\/wp-content\/uploads\/2024\/02\/20240219_164438-768x354.jpg 768w, https:\/\/www.etagnac.fr\/wp-content\/uploads\/2024\/02\/20240219_164438-1536x709.jpg 1536w, https:\/\/www.etagnac.fr\/wp-content\/uploads\/2024\/02\/20240219_164438-2048x945.jpg 2048w\" sizes=\"auto, (max-width: 1024px) 100vw, 1024px\" \/><\/figure>\n<\/figure>\n\n\n\n<p class=\"has-text-align-center\">F\u00e9vrier 2024 <\/p>\n\n\n\n<hr class=\"wp-block-separator has-alpha-channel-opacity\"\/>\n\n\n\n<div style=\"height:50px\" aria-hidden=\"true\" class=\"wp-block-spacer\"><\/div>\n\n\n\n<figure class=\"wp-block-gallery has-nested-images columns-default is-cropped wp-block-gallery-7 is-layout-flex wp-block-gallery-is-layout-flex\">\n<figure class=\"wp-block-image size-large is-style-rounded\"><img loading=\"lazy\" decoding=\"async\" width=\"767\" height=\"1024\" data-id=\"1580\" src=\"https:\/\/www.etagnac.fr\/wp-content\/uploads\/2023\/10\/386710839_279658614958478_2362076802917148818_n-767x1024.jpg\" alt=\"\" class=\"wp-image-1580\" style=\"aspect-ratio:4\/3;object-fit:cover\" srcset=\"https:\/\/www.etagnac.fr\/wp-content\/uploads\/2023\/10\/386710839_279658614958478_2362076802917148818_n-767x1024.jpg 767w, https:\/\/www.etagnac.fr\/wp-content\/uploads\/2023\/10\/386710839_279658614958478_2362076802917148818_n-225x300.jpg 225w, https:\/\/www.etagnac.fr\/wp-content\/uploads\/2023\/10\/386710839_279658614958478_2362076802917148818_n-768x1026.jpg 768w, https:\/\/www.etagnac.fr\/wp-content\/uploads\/2023\/10\/386710839_279658614958478_2362076802917148818_n.jpg 1078w\" sizes=\"auto, (max-width: 767px) 100vw, 767px\" \/><figcaption class=\"wp-element-caption\">D\u00e9but des travaux 05 Octobre 2023<\/figcaption><\/figure>\n<\/figure>\n\n\n\n<div style=\"height:50px\" aria-hidden=\"true\" class=\"wp-block-spacer\"><\/div>\n\n\n\n<div data-wp-interactive=\"core\/file\" class=\"wp-block-file\"><object data-wp-bind--hidden=\"!state.hasPdfPreview\" hidden class=\"wp-block-file__embed\" data=\"https:\/\/www.etagnac.fr\/wp-content\/uploads\/2023\/02\/doc00796220230207150444.pdf\" type=\"application\/pdf\" style=\"width:100%;height:600px\" aria-label=\"Contenu embarqu\u00e9 doc00796220230207150444.\"><\/object><a id=\"wp-block-file--media-4273ee92-9d3c-4b69-8c3b-a6f715be38e4\" href=\"https:\/\/www.etagnac.fr\/wp-content\/uploads\/2023\/02\/doc00796220230207150444.pdf\">doc00796220230207150444<\/a><a href=\"https:\/\/www.etagnac.fr\/wp-content\/uploads\/2023\/02\/doc00796220230207150444.pdf\" class=\"wp-block-file__button wp-element-button\" download aria-describedby=\"wp-block-file--media-4273ee92-9d3c-4b69-8c3b-a6f715be38e4\">T\u00e9l\u00e9charger<\/a><\/div>\n\n\n\n<div data-wp-interactive=\"core\/file\" class=\"wp-block-file\"><object data-wp-bind--hidden=\"!state.hasPdfPreview\" hidden class=\"wp-block-file__embed\" data=\"https:\/\/www.etagnac.fr\/wp-content\/uploads\/2023\/02\/doc00796620230207150657.pdf\" type=\"application\/pdf\" style=\"width:100%;height:600px\" aria-label=\"Contenu embarqu\u00e9 doc00796620230207150657.\"><\/object><a id=\"wp-block-file--media-d4d73edf-a4ab-4285-8bda-5d9c0a9f962b\" href=\"https:\/\/www.etagnac.fr\/wp-content\/uploads\/2023\/02\/doc00796620230207150657.pdf\">doc00796620230207150657<\/a><a href=\"https:\/\/www.etagnac.fr\/wp-content\/uploads\/2023\/02\/doc00796620230207150657.pdf\" class=\"wp-block-file__button wp-element-button\" download aria-describedby=\"wp-block-file--media-d4d73edf-a4ab-4285-8bda-5d9c0a9f962b\">T\u00e9l\u00e9charger<\/a><\/div>\n\n\n\n<div data-wp-interactive=\"core\/file\" class=\"wp-block-file\"><object data-wp-bind--hidden=\"!state.hasPdfPreview\" hidden class=\"wp-block-file__embed\" data=\"https:\/\/www.etagnac.fr\/wp-content\/uploads\/2023\/02\/doc00796520230207150641-1.pdf\" type=\"application\/pdf\" style=\"width:100%;height:600px\" aria-label=\"Contenu embarqu\u00e9 doc00796520230207150641-1.\"><\/object><a id=\"wp-block-file--media-24434142-7b50-443b-8653-eadc650137d7\" href=\"https:\/\/www.etagnac.fr\/wp-content\/uploads\/2023\/02\/doc00796520230207150641-1.pdf\">doc00796520230207150641-1<\/a><a href=\"https:\/\/www.etagnac.fr\/wp-content\/uploads\/2023\/02\/doc00796520230207150641-1.pdf\" class=\"wp-block-file__button wp-element-button\" download aria-describedby=\"wp-block-file--media-24434142-7b50-443b-8653-eadc650137d7\">T\u00e9l\u00e9charger<\/a><\/div>\n\n\n\n<div data-wp-interactive=\"core\/file\" class=\"wp-block-file\"><object data-wp-bind--hidden=\"!state.hasPdfPreview\" hidden class=\"wp-block-file__embed\" data=\"https:\/\/www.etagnac.fr\/wp-content\/uploads\/2023\/02\/doc00796420230207150603.pdf\" type=\"application\/pdf\" style=\"width:100%;height:600px\" aria-label=\"Contenu embarqu\u00e9 doc00796420230207150603.\"><\/object><a id=\"wp-block-file--media-ee2d604d-555c-49a3-994c-4d976f1d813a\" href=\"https:\/\/www.etagnac.fr\/wp-content\/uploads\/2023\/02\/doc00796420230207150603.pdf\">doc00796420230207150603<\/a><a href=\"https:\/\/www.etagnac.fr\/wp-content\/uploads\/2023\/02\/doc00796420230207150603.pdf\" class=\"wp-block-file__button wp-element-button\" download aria-describedby=\"wp-block-file--media-ee2d604d-555c-49a3-994c-4d976f1d813a\">T\u00e9l\u00e9charger<\/a><\/div>\n","protected":false},"excerpt":{"rendered":"<p>La cr\u00e8che a ouvert ses portes en septembre 2024, elle accueille de 10 \u00e0 12 enfants. Id\u00e9alement situ\u00e9e \u00e0 25 min de Limoges 50 min d&rsquo;Angoul\u00eame et 10 min de [&hellip;]<\/p>\n","protected":false},"author":1,"featured_media":0,"parent":0,"menu_order":0,"comment_status":"closed","ping_status":"closed","template":"","meta":{"footnotes":""},"class_list":["post-1234","page","type-page","status-publish","hentry"],"_links":{"self":[{"href":"https:\/\/www.etagnac.fr\/index.php?rest_route=\/wp\/v2\/pages\/1234","targetHints":{"allow":["GET"]}}],"collection":[{"href":"https:\/\/www.etagnac.fr\/index.php?rest_route=\/wp\/v2\/pages"}],"about":[{"href":"https:\/\/www.etagnac.fr\/index.php?rest_route=\/wp\/v2\/types\/page"}],"author":[{"embeddable":true,"href":"https:\/\/www.etagnac.fr\/index.php?rest_route=\/wp\/v2\/users\/1"}],"replies":[{"embeddable":true,"href":"https:\/\/www.etagnac.fr\/index.php?rest_route=%2Fwp%2Fv2%2Fcomments&post=1234"}],"version-history":[{"count":22,"href":"https:\/\/www.etagnac.fr\/index.php?rest_route=\/wp\/v2\/pages\/1234\/revisions"}],"predecessor-version":[{"id":2017,"href":"https:\/\/www.etagnac.fr\/index.php?rest_route=\/wp\/v2\/pages\/1234\/revisions\/2017"}],"wp:attachment":[{"href":"https:\/\/www.etagnac.fr\/index.php?rest_route=%2Fwp%2Fv2%2Fmedia&parent=1234"}],"curies":[{"name":"wp","href":"https:\/\/api.w.org\/{rel}","templated":true}]}}