{"id":13,"date":"2021-08-10T14:54:00","date_gmt":"2021-08-10T14:54:00","guid":{"rendered":"http:\/\/dev.etagnac.fr\/?page_id=13"},"modified":"2021-12-02T11:00:10","modified_gmt":"2021-12-02T11:00:10","slug":"notre-histoire","status":"publish","type":"page","link":"https:\/\/www.etagnac.fr\/?page_id=13","title":{"rendered":"Notre histoire"},"content":{"rendered":"\n<figure class=\"wp-block-gallery columns-3 is-cropped wp-block-gallery-1 is-layout-flex wp-block-gallery-is-layout-flex\"><ul class=\"blocks-gallery-grid\"><li class=\"blocks-gallery-item\"><figure><img loading=\"lazy\" decoding=\"async\" width=\"400\" height=\"253\" src=\"http:\/\/dev.etagnac.fr\/wp-content\/uploads\/2021\/11\/16-ETAGNAC-les-e\u0301coles-et-la-rue.jpg\" alt=\"\" data-id=\"307\" data-full-url=\"http:\/\/dev.etagnac.fr\/wp-content\/uploads\/2021\/11\/16-ETAGNAC-les-e\u0301coles-et-la-rue.jpg\" data-link=\"http:\/\/dev.etagnac.fr\/?attachment_id=307\" class=\"wp-image-307\" srcset=\"https:\/\/www.etagnac.fr\/wp-content\/uploads\/2021\/11\/16-ETAGNAC-les-e\u0301coles-et-la-rue.jpg 400w, https:\/\/www.etagnac.fr\/wp-content\/uploads\/2021\/11\/16-ETAGNAC-les-e\u0301coles-et-la-rue-300x190.jpg 300w\" sizes=\"auto, (max-width: 400px) 100vw, 400px\" \/><\/figure><\/li><li class=\"blocks-gallery-item\"><figure><img loading=\"lazy\" decoding=\"async\" width=\"996\" height=\"692\" src=\"http:\/\/dev.etagnac.fr\/wp-content\/uploads\/2021\/11\/carte-postale-etagnac-29899.jpg\" alt=\"\" data-id=\"308\" data-full-url=\"http:\/\/dev.etagnac.fr\/wp-content\/uploads\/2021\/11\/carte-postale-etagnac-29899.jpg\" data-link=\"http:\/\/dev.etagnac.fr\/?attachment_id=308\" class=\"wp-image-308\" srcset=\"https:\/\/www.etagnac.fr\/wp-content\/uploads\/2021\/11\/carte-postale-etagnac-29899.jpg 996w, https:\/\/www.etagnac.fr\/wp-content\/uploads\/2021\/11\/carte-postale-etagnac-29899-300x208.jpg 300w, https:\/\/www.etagnac.fr\/wp-content\/uploads\/2021\/11\/carte-postale-etagnac-29899-768x534.jpg 768w\" sizes=\"auto, (max-width: 996px) 100vw, 996px\" \/><\/figure><\/li><li class=\"blocks-gallery-item\"><figure><img loading=\"lazy\" decoding=\"async\" width=\"512\" height=\"332\" src=\"http:\/\/dev.etagnac.fr\/wp-content\/uploads\/2021\/11\/etagnac.jpg\" alt=\"\" data-id=\"310\" data-full-url=\"http:\/\/dev.etagnac.fr\/wp-content\/uploads\/2021\/11\/etagnac.jpg\" data-link=\"http:\/\/dev.etagnac.fr\/?attachment_id=310\" class=\"wp-image-310\" srcset=\"https:\/\/www.etagnac.fr\/wp-content\/uploads\/2021\/11\/etagnac.jpg 512w, https:\/\/www.etagnac.fr\/wp-content\/uploads\/2021\/11\/etagnac-300x195.jpg 300w\" sizes=\"auto, (max-width: 512px) 100vw, 512px\" \/><\/figure><\/li><\/ul><\/figure>\n\n\n\n<figure class=\"wp-block-gallery columns-2 is-cropped wp-block-gallery-2 is-layout-flex wp-block-gallery-is-layout-flex\"><ul class=\"blocks-gallery-grid\"><li class=\"blocks-gallery-item\"><figure><img loading=\"lazy\" decoding=\"async\" width=\"638\" height=\"431\" src=\"http:\/\/dev.etagnac.fr\/wp-content\/uploads\/2021\/12\/Capture-de\u0301cran-2021-12-02-a\u0300-11.35.32.png\" alt=\"\" data-id=\"457\" data-full-url=\"http:\/\/dev.etagnac.fr\/wp-content\/uploads\/2021\/12\/Capture-de\u0301cran-2021-12-02-a\u0300-11.35.32.png\" data-link=\"http:\/\/dev.etagnac.fr\/?attachment_id=457\" class=\"wp-image-457\" srcset=\"https:\/\/www.etagnac.fr\/wp-content\/uploads\/2021\/12\/Capture-de\u0301cran-2021-12-02-a\u0300-11.35.32.png 638w, https:\/\/www.etagnac.fr\/wp-content\/uploads\/2021\/12\/Capture-de\u0301cran-2021-12-02-a\u0300-11.35.32-300x203.png 300w\" sizes=\"auto, (max-width: 638px) 100vw, 638px\" \/><\/figure><\/li><li class=\"blocks-gallery-item\"><figure><img loading=\"lazy\" decoding=\"async\" width=\"630\" height=\"399\" src=\"http:\/\/dev.etagnac.fr\/wp-content\/uploads\/2021\/12\/Capture-de\u0301cran-2021-12-02-a\u0300-11.35.15.png\" alt=\"\" data-id=\"458\" data-full-url=\"http:\/\/dev.etagnac.fr\/wp-content\/uploads\/2021\/12\/Capture-de\u0301cran-2021-12-02-a\u0300-11.35.15.png\" data-link=\"http:\/\/dev.etagnac.fr\/?attachment_id=458\" class=\"wp-image-458\" srcset=\"https:\/\/www.etagnac.fr\/wp-content\/uploads\/2021\/12\/Capture-de\u0301cran-2021-12-02-a\u0300-11.35.15.png 630w, https:\/\/www.etagnac.fr\/wp-content\/uploads\/2021\/12\/Capture-de\u0301cran-2021-12-02-a\u0300-11.35.15-300x190.png 300w\" sizes=\"auto, (max-width: 630px) 100vw, 630px\" \/><\/figure><\/li><\/ul><\/figure>\n\n\n\n<figure class=\"wp-block-gallery columns-2 is-cropped wp-block-gallery-3 is-layout-flex wp-block-gallery-is-layout-flex\"><ul class=\"blocks-gallery-grid\"><li class=\"blocks-gallery-item\"><figure><img loading=\"lazy\" decoding=\"async\" width=\"645\" height=\"450\" src=\"http:\/\/dev.etagnac.fr\/wp-content\/uploads\/2021\/12\/Capture-de\u0301cran-2021-12-02-a\u0300-11.58.33.png\" alt=\"\" data-id=\"472\" data-full-url=\"http:\/\/dev.etagnac.fr\/wp-content\/uploads\/2021\/12\/Capture-de\u0301cran-2021-12-02-a\u0300-11.58.33.png\" data-link=\"http:\/\/dev.etagnac.fr\/?attachment_id=472\" class=\"wp-image-472\" srcset=\"https:\/\/www.etagnac.fr\/wp-content\/uploads\/2021\/12\/Capture-de\u0301cran-2021-12-02-a\u0300-11.58.33.png 645w, https:\/\/www.etagnac.fr\/wp-content\/uploads\/2021\/12\/Capture-de\u0301cran-2021-12-02-a\u0300-11.58.33-300x209.png 300w\" sizes=\"auto, (max-width: 645px) 100vw, 645px\" \/><\/figure><\/li><li class=\"blocks-gallery-item\"><figure><img loading=\"lazy\" decoding=\"async\" width=\"678\" height=\"454\" src=\"http:\/\/dev.etagnac.fr\/wp-content\/uploads\/2021\/12\/Capture-de\u0301cran-2021-12-02-a\u0300-11.58.15.png\" alt=\"\" data-id=\"473\" data-full-url=\"http:\/\/dev.etagnac.fr\/wp-content\/uploads\/2021\/12\/Capture-de\u0301cran-2021-12-02-a\u0300-11.58.15.png\" data-link=\"http:\/\/dev.etagnac.fr\/?attachment_id=473\" class=\"wp-image-473\" srcset=\"https:\/\/www.etagnac.fr\/wp-content\/uploads\/2021\/12\/Capture-de\u0301cran-2021-12-02-a\u0300-11.58.15.png 678w, https:\/\/www.etagnac.fr\/wp-content\/uploads\/2021\/12\/Capture-de\u0301cran-2021-12-02-a\u0300-11.58.15-300x201.png 300w\" sizes=\"auto, (max-width: 678px) 100vw, 678px\" \/><\/figure><\/li><\/ul><\/figure>\n\n\n\n<p>Limitrophe au d\u00e9partement de la Haute-Vienne, Etagnac niche dans une campagne verdoyante <br>o\u00f9 vaches et moutons paissent paisiblement, non loin des \u00e9tangs et ruisseaux constellant la nature.\u00a0<br>Les annales d&rsquo;Etagnac sont indissociables<a href=\"https:\/\/www.etagnac.fr\/patrimoinedelacommuneetagnac.html\"><strong> <\/strong><\/a><a rel=\"noreferrer noopener\" href=\"https:\/\/www.etagnac.fr\/patrimoinedelacommuneetagnac.html\" target=\"_blank\"><strong>du ch\u00e2teau de Rochebrune<\/strong>,<\/a> qui fut la propri\u00e9t\u00e9 de nombreux seigneurs.<\/p>\n\n\n\n<p>Au X\u00e8me si\u00e8cle, des incidents violents eurent lieu caus\u00e9s par l&rsquo;exasp\u00e9ration des paysans relative <br>aux ponctions du clerg\u00e9 et de la noblesse. <\/p>\n\n\n\n<p>&nbsp;<br>Puis guerres civiles et de religion caus\u00e8rent beaucoup de pertes, mat\u00e9rielles et humaines.La peste (1348 et 1631), les famines (1374,1375, 1381 et 1382), les inondations catastrophiques (1209, 1213, 1257, 1301 &#8230;, la grande s\u00e9cheresse de 1277, le froid glacial de 1677 contribu\u00e8rent \u00e0 la d\u00e9sertification de la r\u00e9gion.<\/p>\n\n\n\n<p>Sous la R\u00e9volution Fran\u00e7aise, la grande r\u00e9forme coupa le pays en 83 d\u00e9partements. Etagnac fit partie du d\u00e9partement de la Charente. La commune devait alors \u00eatre administr\u00e9e : les premi\u00e8res \u00e9lections municipales eurent lieu. Le 1er maire fut Etienne Barbarin de la Martinie, lequel n&rsquo;officia qu&rsquo;un an, avant de d\u00e9missionner.<\/p>\n\n\n\n<p>Au XIX\u00e8me s, Etagnac essuya des querelles avec Saint-Junien et Chassenon, \u00e0 propos de terres limitrophes pour l&rsquo;une \u00e0 la Haute-Vienne, et pour l&rsquo;autre \u00e0 la commune. Un compromis fut trouv\u00e9 avec Saint-Junien, en 1813, devant le Minist\u00e8re de l&rsquo;Int\u00e9rieur, d\u00e9limitant les deux communes et d\u00e9partements au ruisseau du Sauvarin, en bas de la c\u00f4te de Mons.Etagnac gagna contre Chassenon et r\u00e9cup\u00e9ra sur sa commune les hameaux de Pilas et de Beaulieu, lesquels, bien que situ\u00e9s sur la rive droite de la Vienne, appartenaient \u00e0 Chassenon, situ\u00e9e rive gauche.&nbsp;<br>Au cours de la premi\u00e8re guerre mondiale, l&rsquo;instituteur de la commune r\u00e9digea un compte-rendu de la situation.<\/p>\n\n\n\n<p>On apprend que les vivres n&rsquo;avaient pas manqu\u00e9 mais que le cours des denr\u00e9es avait doubl\u00e9 voire tripl\u00e9; que l&rsquo;agriculture avait quelque peu souffert, mais que chacun avait apport\u00e9 son concours \u00e0 l&rsquo;ouvrage et que tout \u00e9tait alors parvenu \u00e0 se faire.&nbsp;<br>Pendant la guerre de 39\/45, Etagnac fut un haut lieu de parachutage, ainsi qu&rsquo;un lieu de passage des maquisards en transit vers le Massif Central et de camouflage pour les maquis de la r\u00e9gion.&nbsp;<br>Aujourd&rsquo;hui, Etagnac est une commune paisible, sur laquelle se d\u00e9veloppe vie \u00e9conomique, touristique et associative.&nbsp;<br>Id\u00e9alement situ\u00e9e, elle constitue une sympathique \u00e9tape pour tous ceux qui se rendent dans le centre de la France ou dans le sud ouest, en passant par Angoul\u00eame.&nbsp;<br>(Informations tir\u00e9es d&rsquo;Hommes et Monuments d&rsquo;Etagnac par Andr\u00e9 BERLAND).<\/p>\n","protected":false},"excerpt":{"rendered":"<p>Limitrophe au d\u00e9partement de la Haute-Vienne, Etagnac niche dans une campagne verdoyante o\u00f9 vaches et moutons paissent paisiblement, non loin des \u00e9tangs et ruisseaux constellant la nature.\u00a0Les annales d&rsquo;Etagnac sont [&hellip;]<\/p>\n","protected":false},"author":1,"featured_media":0,"parent":0,"menu_order":0,"comment_status":"closed","ping_status":"closed","template":"","meta":{"footnotes":""},"class_list":["post-13","page","type-page","status-publish","hentry"],"_links":{"self":[{"href":"https:\/\/www.etagnac.fr\/index.php?rest_route=\/wp\/v2\/pages\/13","targetHints":{"allow":["GET"]}}],"collection":[{"href":"https:\/\/www.etagnac.fr\/index.php?rest_route=\/wp\/v2\/pages"}],"about":[{"href":"https:\/\/www.etagnac.fr\/index.php?rest_route=\/wp\/v2\/types\/page"}],"author":[{"embeddable":true,"href":"https:\/\/www.etagnac.fr\/index.php?rest_route=\/wp\/v2\/users\/1"}],"replies":[{"embeddable":true,"href":"https:\/\/www.etagnac.fr\/index.php?rest_route=%2Fwp%2Fv2%2Fcomments&post=13"}],"version-history":[{"count":6,"href":"https:\/\/www.etagnac.fr\/index.php?rest_route=\/wp\/v2\/pages\/13\/revisions"}],"predecessor-version":[{"id":474,"href":"https:\/\/www.etagnac.fr\/index.php?rest_route=\/wp\/v2\/pages\/13\/revisions\/474"}],"wp:attachment":[{"href":"https:\/\/www.etagnac.fr\/index.php?rest_route=%2Fwp%2Fv2%2Fmedia&parent=13"}],"curies":[{"name":"wp","href":"https:\/\/api.w.org\/{rel}","templated":true}]}}