{"id":25,"date":"2021-08-10T14:54:00","date_gmt":"2021-08-10T14:54:00","guid":{"rendered":"http:\/\/dev.etagnac.fr\/?page_id=25"},"modified":"2025-08-06T08:27:35","modified_gmt":"2025-08-06T06:27:35","slug":"lotissement-les-termes","status":"publish","type":"page","link":"https:\/\/www.etagnac.fr\/?page_id=25","title":{"rendered":"S\u00e9curit\u00e9 \u00ab\u00a0Participation Citoyenne\u00a0\u00bb"},"content":{"rendered":"\n<figure class=\"wp-block-image size-full\"><img loading=\"lazy\" decoding=\"async\" width=\"290\" height=\"174\" src=\"https:\/\/www.etagnac.fr\/wp-content\/uploads\/2025\/08\/protection-citoyenne.jpg\" alt=\"\" class=\"wp-image-2329\"\/><\/figure>\n\n\n\n<p>La participation citoyenne consiste \u00e0 sensibiliser les habitants et les associer \u00e0 la protection de leur environnement. Gr\u00e2ce \u00e0 ce dispositif, la population adopte une attitude solidaire et vigilante. <\/p>\n\n\n\n<p>Nous avons sur notre commune 3 r\u00e9f\u00e9rents :<br><br>                          &#8211; Mme Eliane JARRY  06 30 76 28 46 <br>                          &#8211; Mr Jean-Marie BOUYAT 07 88 55 08 00 <br>                          &#8211; Mr Yves RIVAUD 07 83 60 61 16 <\/p>\n\n\n\n<p>En cas de doute, de besoin si vous apercevez des personnes suspectes ou avec un comportement anormal, n&rsquo;h\u00e9sitez pas \u00e0 les contacter. <br>Ils feront le lien entre la population, les \u00e9lus et la gendarmerie, afin d&rsquo;am\u00e9liorer la s\u00e9curit\u00e9 sur notre commune.<\/p>\n\n\n\n<div data-wp-interactive=\"core\/file\" class=\"wp-block-file\"><object data-wp-bind--hidden=\"!state.hasPdfPreview\" hidden class=\"wp-block-file__embed\" data=\"http:\/\/dev.etagnac.fr\/wp-content\/uploads\/2021\/11\/Plan-de-bornage-2-DMPC.dgn-1.pdf\" type=\"application\/pdf\" style=\"width:100%;height:600px\" aria-label=\"Contenu embarqu\u00e9 Plan-de-bornage-2-DMPC.dgn-1.\"><\/object><a id=\"wp-block-file--media-daaa4088-dae4-46c5-b178-f02d6289dc1e\" href=\"http:\/\/dev.etagnac.fr\/wp-content\/uploads\/2021\/11\/Plan-de-bornage-2-DMPC.dgn-1.pdf\">Plan-de-bornage-2-DMPC.dgn-1<\/a><a href=\"http:\/\/dev.etagnac.fr\/wp-content\/uploads\/2021\/11\/Plan-de-bornage-2-DMPC.dgn-1.pdf\" class=\"wp-block-file__button wp-element-button\" download aria-describedby=\"wp-block-file--media-daaa4088-dae4-46c5-b178-f02d6289dc1e\">T\u00e9l\u00e9charger<\/a><\/div>\n","protected":false},"excerpt":{"rendered":"<p>La participation citoyenne consiste \u00e0 sensibiliser les habitants et les associer \u00e0 la protection de leur environnement. Gr\u00e2ce \u00e0 ce dispositif, la population adopte une attitude solidaire et vigilante. Nous [&hellip;]<\/p>\n","protected":false},"author":1,"featured_media":0,"parent":0,"menu_order":0,"comment_status":"closed","ping_status":"closed","template":"","meta":{"footnotes":""},"class_list":["post-25","page","type-page","status-publish","hentry"],"_links":{"self":[{"href":"https:\/\/www.etagnac.fr\/index.php?rest_route=\/wp\/v2\/pages\/25","targetHints":{"allow":["GET"]}}],"collection":[{"href":"https:\/\/www.etagnac.fr\/index.php?rest_route=\/wp\/v2\/pages"}],"about":[{"href":"https:\/\/www.etagnac.fr\/index.php?rest_route=\/wp\/v2\/types\/page"}],"author":[{"embeddable":true,"href":"https:\/\/www.etagnac.fr\/index.php?rest_route=\/wp\/v2\/users\/1"}],"replies":[{"embeddable":true,"href":"https:\/\/www.etagnac.fr\/index.php?rest_route=%2Fwp%2Fv2%2Fcomments&post=25"}],"version-history":[{"count":8,"href":"https:\/\/www.etagnac.fr\/index.php?rest_route=\/wp\/v2\/pages\/25\/revisions"}],"predecessor-version":[{"id":2331,"href":"https:\/\/www.etagnac.fr\/index.php?rest_route=\/wp\/v2\/pages\/25\/revisions\/2331"}],"wp:attachment":[{"href":"https:\/\/www.etagnac.fr\/index.php?rest_route=%2Fwp%2Fv2%2Fmedia&parent=25"}],"curies":[{"name":"wp","href":"https:\/\/api.w.org\/{rel}","templated":true}]}}