{"id":409,"date":"2021-11-27T08:53:30","date_gmt":"2021-11-27T08:53:30","guid":{"rendered":"http:\/\/dev.etagnac.fr\/?page_id=409"},"modified":"2025-07-22T15:46:21","modified_gmt":"2025-07-22T13:46:21","slug":"videos","status":"publish","type":"page","link":"https:\/\/www.etagnac.fr\/?page_id=409","title":{"rendered":"Vid\u00e9os &amp; Article de Presse"},"content":{"rendered":"\n<hr class=\"wp-block-separator has-alpha-channel-opacity\"\/>\n\n\n\n<figure class=\"wp-block-image size-full\"><img loading=\"lazy\" decoding=\"async\" width=\"1000\" height=\"625\" src=\"https:\/\/www.etagnac.fr\/wp-content\/uploads\/2025\/07\/charentelimousine-3c3a6b2479c34bfc9a53e799c29e0130-145242-ph0.jpg\" alt=\"\" class=\"wp-image-2324\" srcset=\"https:\/\/www.etagnac.fr\/wp-content\/uploads\/2025\/07\/charentelimousine-3c3a6b2479c34bfc9a53e799c29e0130-145242-ph0.jpg 1000w, https:\/\/www.etagnac.fr\/wp-content\/uploads\/2025\/07\/charentelimousine-3c3a6b2479c34bfc9a53e799c29e0130-145242-ph0-300x188.jpg 300w, https:\/\/www.etagnac.fr\/wp-content\/uploads\/2025\/07\/charentelimousine-3c3a6b2479c34bfc9a53e799c29e0130-145242-ph0-768x480.jpg 768w\" sizes=\"auto, (max-width: 1000px) 100vw, 1000px\" \/><\/figure>\n\n\n\n<p>Apr\u00e8s une journ\u00e9e de formation aux premiers secours fin juin, les r\u00e9cipiendaires ont re\u00e7u leur dipl\u00f4me, vendredi 11 juillet.<\/p>\n\n\n\n<p>Sur une id\u00e9e de Marianne Goursaud, employ\u00e9e municipale de la Poste et assistante pr\u00e9vention \u00e0 la commune, la mairie d\u2019\u00c9tagnac a mis en place une session de formation aux premiers secours (PSC1). L\u2019employ\u00e9e avait lanc\u00e9 un message sur les r\u00e9seaux sociaux. \u00ab&nbsp;Le retour a \u00e9t\u00e9 positif, explique-t-elle. Nous avons eu des candidats, de tous \u00e2ges.&nbsp;\u00bb<\/p>\n\n\n\n<p>Les cours dispens\u00e9s par le chef de centre de Roumazi\u00e8re-Loubert Terres-de-Haute-Charente, le lieutenant David Guynet, se sont d\u00e9roul\u00e9s sur une journ\u00e9e enti\u00e8re, fin juin, dans la salle des f\u00eates de la commune. Ils ont abord\u00e9 l\u2019alerte, les saignements, la manipulation d\u2019un d\u00e9fibrillateur, les premiers gestes \u00e0 pratiquer sur une personne en d\u00e9tresse, un accident de la circulation, un malaise ou toute autre blessure ou fracture, la mise en position lat\u00e9rale de s\u00e9curit\u00e9 (PLS), le massage cardiaque.<\/p>\n\n\n\n<p>Une dizaine de personnes se sont inscrites \u00e0 cette session. Chacune d\u2019entre elles a \u00e9t\u00e9 pleinement satisfaite de cette formation. Vendredi 11 juillet, le maire d\u2019\u00c9tagnac Henri De Richemont a remis aux r\u00e9cipiendaires leur pr\u00e9cieux dipl\u00f4me, dans la salle des associations. \u00ab&nbsp;Vu le succ\u00e8s de cette formation, nous envisageons d\u2019en refaire une autre d\u00e8s l\u2019ann\u00e9e prochaine&nbsp;\u00bb, pr\u00e9cise Marianne Goursaud.<\/p>\n\n\n\n<hr class=\"wp-block-separator has-alpha-channel-opacity\"\/>\n\n\n\n<figure class=\"wp-block-gallery has-nested-images columns-default is-cropped wp-block-gallery-1 is-layout-flex wp-block-gallery-is-layout-flex\">\n<figure class=\"wp-block-image size-large\"><img loading=\"lazy\" decoding=\"async\" width=\"828\" height=\"690\" data-id=\"2263\" src=\"https:\/\/www.etagnac.fr\/wp-content\/uploads\/2025\/04\/1.png\" alt=\"\" class=\"wp-image-2263\" srcset=\"https:\/\/www.etagnac.fr\/wp-content\/uploads\/2025\/04\/1.png 828w, https:\/\/www.etagnac.fr\/wp-content\/uploads\/2025\/04\/1-300x250.png 300w, https:\/\/www.etagnac.fr\/wp-content\/uploads\/2025\/04\/1-768x640.png 768w\" sizes=\"auto, (max-width: 828px) 100vw, 828px\" \/><\/figure>\n\n\n\n<figure class=\"wp-block-image size-large\"><img loading=\"lazy\" decoding=\"async\" width=\"819\" height=\"599\" data-id=\"2264\" src=\"https:\/\/www.etagnac.fr\/wp-content\/uploads\/2025\/04\/2.png\" alt=\"\" class=\"wp-image-2264\" srcset=\"https:\/\/www.etagnac.fr\/wp-content\/uploads\/2025\/04\/2.png 819w, https:\/\/www.etagnac.fr\/wp-content\/uploads\/2025\/04\/2-300x219.png 300w, https:\/\/www.etagnac.fr\/wp-content\/uploads\/2025\/04\/2-768x562.png 768w\" sizes=\"auto, (max-width: 819px) 100vw, 819px\" \/><\/figure>\n<\/figure>\n\n\n\n<hr class=\"wp-block-separator has-alpha-channel-opacity\"\/>\n\n\n\n<figure class=\"wp-block-gallery has-nested-images columns-default is-cropped wp-block-gallery-2 is-layout-flex wp-block-gallery-is-layout-flex\">\n<figure class=\"wp-block-image size-large\"><img loading=\"lazy\" decoding=\"async\" width=\"1024\" height=\"675\" data-id=\"2260\" src=\"https:\/\/www.etagnac.fr\/wp-content\/uploads\/2025\/04\/1-1024x675.jpg\" alt=\"\" class=\"wp-image-2260\" srcset=\"https:\/\/www.etagnac.fr\/wp-content\/uploads\/2025\/04\/1-1024x675.jpg 1024w, https:\/\/www.etagnac.fr\/wp-content\/uploads\/2025\/04\/1-300x198.jpg 300w, https:\/\/www.etagnac.fr\/wp-content\/uploads\/2025\/04\/1-768x506.jpg 768w, https:\/\/www.etagnac.fr\/wp-content\/uploads\/2025\/04\/1.jpg 1255w\" sizes=\"auto, (max-width: 1024px) 100vw, 1024px\" \/><\/figure>\n\n\n\n<figure class=\"wp-block-image size-large\"><img loading=\"lazy\" decoding=\"async\" width=\"695\" height=\"1024\" data-id=\"2261\" src=\"https:\/\/www.etagnac.fr\/wp-content\/uploads\/2025\/04\/2-695x1024.jpg\" alt=\"\" class=\"wp-image-2261\" srcset=\"https:\/\/www.etagnac.fr\/wp-content\/uploads\/2025\/04\/2-695x1024.jpg 695w, https:\/\/www.etagnac.fr\/wp-content\/uploads\/2025\/04\/2-204x300.jpg 204w, https:\/\/www.etagnac.fr\/wp-content\/uploads\/2025\/04\/2-768x1131.jpg 768w, https:\/\/www.etagnac.fr\/wp-content\/uploads\/2025\/04\/2.jpg 821w\" sizes=\"auto, (max-width: 695px) 100vw, 695px\" \/><\/figure>\n\n\n\n<figure class=\"wp-block-image size-large\"><img loading=\"lazy\" decoding=\"async\" width=\"865\" height=\"1024\" data-id=\"2259\" src=\"https:\/\/www.etagnac.fr\/wp-content\/uploads\/2025\/04\/3-865x1024.jpg\" alt=\"\" class=\"wp-image-2259\" srcset=\"https:\/\/www.etagnac.fr\/wp-content\/uploads\/2025\/04\/3-865x1024.jpg 865w, https:\/\/www.etagnac.fr\/wp-content\/uploads\/2025\/04\/3-253x300.jpg 253w, https:\/\/www.etagnac.fr\/wp-content\/uploads\/2025\/04\/3-768x909.jpg 768w, https:\/\/www.etagnac.fr\/wp-content\/uploads\/2025\/04\/3.jpg 883w\" sizes=\"auto, (max-width: 865px) 100vw, 865px\" \/><\/figure>\n<\/figure>\n\n\n\n<hr class=\"wp-block-separator has-alpha-channel-opacity\"\/>\n\n\n\n<figure class=\"wp-block-image size-large\"><img loading=\"lazy\" decoding=\"async\" width=\"888\" height=\"1024\" src=\"https:\/\/www.etagnac.fr\/wp-content\/uploads\/2024\/09\/article-septembre-2024-charente-libre-1-888x1024.jpg\" alt=\"\" class=\"wp-image-2018\" srcset=\"https:\/\/www.etagnac.fr\/wp-content\/uploads\/2024\/09\/article-septembre-2024-charente-libre-1-888x1024.jpg 888w, https:\/\/www.etagnac.fr\/wp-content\/uploads\/2024\/09\/article-septembre-2024-charente-libre-1-260x300.jpg 260w, https:\/\/www.etagnac.fr\/wp-content\/uploads\/2024\/09\/article-septembre-2024-charente-libre-1-768x886.jpg 768w, https:\/\/www.etagnac.fr\/wp-content\/uploads\/2024\/09\/article-septembre-2024-charente-libre-1.jpg 1211w\" sizes=\"auto, (max-width: 888px) 100vw, 888px\" \/><\/figure>\n\n\n\n<hr class=\"wp-block-separator has-alpha-channel-opacity\"\/>\n\n\n\n<figure class=\"wp-block-image size-full\"><img loading=\"lazy\" decoding=\"async\" width=\"750\" height=\"907\" src=\"https:\/\/www.etagnac.fr\/wp-content\/uploads\/2024\/06\/448097119_434444822813189_3502552380812023025_n.jpg\" alt=\"\" class=\"wp-image-1901\" srcset=\"https:\/\/www.etagnac.fr\/wp-content\/uploads\/2024\/06\/448097119_434444822813189_3502552380812023025_n.jpg 750w, https:\/\/www.etagnac.fr\/wp-content\/uploads\/2024\/06\/448097119_434444822813189_3502552380812023025_n-248x300.jpg 248w\" sizes=\"auto, (max-width: 750px) 100vw, 750px\" \/><\/figure>\n\n\n\n<hr class=\"wp-block-separator has-alpha-channel-opacity\"\/>\n\n\n\n<figure class=\"wp-block-gallery has-nested-images columns-default is-cropped wp-block-gallery-3 is-layout-flex wp-block-gallery-is-layout-flex\">\n<figure class=\"wp-block-image size-large\"><img loading=\"lazy\" decoding=\"async\" width=\"628\" height=\"1024\" data-id=\"1834\" src=\"https:\/\/www.etagnac.fr\/wp-content\/uploads\/2024\/05\/1-628x1024.jpg\" alt=\"\" class=\"wp-image-1834\" srcset=\"https:\/\/www.etagnac.fr\/wp-content\/uploads\/2024\/05\/1-628x1024.jpg 628w, https:\/\/www.etagnac.fr\/wp-content\/uploads\/2024\/05\/1-184x300.jpg 184w, https:\/\/www.etagnac.fr\/wp-content\/uploads\/2024\/05\/1-768x1252.jpg 768w, https:\/\/www.etagnac.fr\/wp-content\/uploads\/2024\/05\/1-942x1536.jpg 942w, https:\/\/www.etagnac.fr\/wp-content\/uploads\/2024\/05\/1.jpg 1256w\" sizes=\"auto, (max-width: 628px) 100vw, 628px\" \/><\/figure>\n\n\n\n<figure class=\"wp-block-image size-large\"><img loading=\"lazy\" decoding=\"async\" width=\"759\" height=\"1024\" data-id=\"1835\" src=\"https:\/\/www.etagnac.fr\/wp-content\/uploads\/2024\/05\/2-759x1024.jpg\" alt=\"\" class=\"wp-image-1835\" srcset=\"https:\/\/www.etagnac.fr\/wp-content\/uploads\/2024\/05\/2-759x1024.jpg 759w, https:\/\/www.etagnac.fr\/wp-content\/uploads\/2024\/05\/2-222x300.jpg 222w, https:\/\/www.etagnac.fr\/wp-content\/uploads\/2024\/05\/2-768x1036.jpg 768w, https:\/\/www.etagnac.fr\/wp-content\/uploads\/2024\/05\/2-1139x1536.jpg 1139w, https:\/\/www.etagnac.fr\/wp-content\/uploads\/2024\/05\/2.jpg 1335w\" sizes=\"auto, (max-width: 759px) 100vw, 759px\" \/><\/figure>\n\n\n\n<figure class=\"wp-block-image size-large\"><img loading=\"lazy\" decoding=\"async\" width=\"1013\" height=\"1024\" data-id=\"1836\" src=\"https:\/\/www.etagnac.fr\/wp-content\/uploads\/2024\/05\/3-1013x1024.jpg\" alt=\"\" class=\"wp-image-1836\" srcset=\"https:\/\/www.etagnac.fr\/wp-content\/uploads\/2024\/05\/3-1013x1024.jpg 1013w, https:\/\/www.etagnac.fr\/wp-content\/uploads\/2024\/05\/3-297x300.jpg 297w, https:\/\/www.etagnac.fr\/wp-content\/uploads\/2024\/05\/3-768x776.jpg 768w, https:\/\/www.etagnac.fr\/wp-content\/uploads\/2024\/05\/3-1520x1536.jpg 1520w, https:\/\/www.etagnac.fr\/wp-content\/uploads\/2024\/05\/3.jpg 1640w\" sizes=\"auto, (max-width: 1013px) 100vw, 1013px\" \/><\/figure>\n\n\n\n<figure class=\"wp-block-image size-large\"><img loading=\"lazy\" decoding=\"async\" width=\"1640\" height=\"1648\" data-id=\"1833\" src=\"https:\/\/www.etagnac.fr\/wp-content\/uploads\/2024\/05\/4-1019x1024.jpg\" alt=\"\" class=\"wp-image-1833\" srcset=\"https:\/\/www.etagnac.fr\/wp-content\/uploads\/2024\/05\/4-1019x1024.jpg 1019w, https:\/\/www.etagnac.fr\/wp-content\/uploads\/2024\/05\/4-300x300.jpg 300w, https:\/\/www.etagnac.fr\/wp-content\/uploads\/2024\/05\/4-150x150.jpg 150w, https:\/\/www.etagnac.fr\/wp-content\/uploads\/2024\/05\/4-768x772.jpg 768w, https:\/\/www.etagnac.fr\/wp-content\/uploads\/2024\/05\/4-1529x1536.jpg 1529w, https:\/\/www.etagnac.fr\/wp-content\/uploads\/2024\/05\/4.jpg 1640w\" sizes=\"auto, (max-width: 1640px) 100vw, 1640px\" \/><\/figure>\n<\/figure>\n\n\n\n<hr class=\"wp-block-separator has-alpha-channel-opacity\"\/>\n\n\n\n<figure class=\"wp-block-gallery has-nested-images columns-default is-cropped wp-block-gallery-4 is-layout-flex wp-block-gallery-is-layout-flex\">\n<figure class=\"wp-block-image size-large\"><img loading=\"lazy\" decoding=\"async\" width=\"823\" height=\"1024\" data-id=\"1837\" src=\"https:\/\/www.etagnac.fr\/wp-content\/uploads\/2024\/05\/20231218_161453-823x1024.jpg\" alt=\"\" class=\"wp-image-1837\" srcset=\"https:\/\/www.etagnac.fr\/wp-content\/uploads\/2024\/05\/20231218_161453-823x1024.jpg 823w, https:\/\/www.etagnac.fr\/wp-content\/uploads\/2024\/05\/20231218_161453-241x300.jpg 241w, https:\/\/www.etagnac.fr\/wp-content\/uploads\/2024\/05\/20231218_161453-768x956.jpg 768w, https:\/\/www.etagnac.fr\/wp-content\/uploads\/2024\/05\/20231218_161453-1234x1536.jpg 1234w, https:\/\/www.etagnac.fr\/wp-content\/uploads\/2024\/05\/20231218_161453-1646x2048.jpg 1646w, https:\/\/www.etagnac.fr\/wp-content\/uploads\/2024\/05\/20231218_161453.jpg 1820w\" sizes=\"auto, (max-width: 823px) 100vw, 823px\" \/><\/figure>\n<\/figure>\n\n\n\n<figure class=\"wp-block-embed is-type-video is-provider-youtube wp-block-embed-youtube wp-embed-aspect-16-9 wp-has-aspect-ratio\"><div class=\"wp-block-embed__wrapper\">\n<iframe loading=\"lazy\" title=\"Etagnac\" width=\"1170\" height=\"658\" src=\"https:\/\/www.youtube.com\/embed\/4htIm_NU3uo?feature=oembed\" frameborder=\"0\" allow=\"accelerometer; autoplay; clipboard-write; encrypted-media; gyroscope; picture-in-picture; web-share\" referrerpolicy=\"strict-origin-when-cross-origin\" allowfullscreen><\/iframe>\n<\/div><\/figure>\n\n\n\n<p><\/p>\n\n\n\n<figure class=\"wp-block-embed is-type-video is-provider-youtube wp-block-embed-youtube wp-embed-aspect-16-9 wp-has-aspect-ratio\"><div class=\"wp-block-embed__wrapper\">\n<iframe loading=\"lazy\" title=\"Diaporama 1\" width=\"1170\" height=\"658\" src=\"https:\/\/www.youtube.com\/embed\/xbKd1GeREdU?feature=oembed\" frameborder=\"0\" allow=\"accelerometer; autoplay; clipboard-write; encrypted-media; gyroscope; picture-in-picture; web-share\" referrerpolicy=\"strict-origin-when-cross-origin\" allowfullscreen><\/iframe>\n<\/div><\/figure>\n\n\n\n<figure class=\"wp-block-embed is-type-video is-provider-youtube wp-block-embed-youtube wp-embed-aspect-16-9 wp-has-aspect-ratio\"><div class=\"wp-block-embed__wrapper\">\n<iframe loading=\"lazy\" title=\"Itin\u00e9raire Bis \u00e0 Etagnac en Charente\" width=\"1170\" height=\"658\" src=\"https:\/\/www.youtube.com\/embed\/tlP942hHeLU?feature=oembed\" frameborder=\"0\" allow=\"accelerometer; autoplay; clipboard-write; encrypted-media; gyroscope; picture-in-picture; web-share\" referrerpolicy=\"strict-origin-when-cross-origin\" allowfullscreen><\/iframe>\n<\/div><\/figure>\n","protected":false},"excerpt":{"rendered":"<p>Apr\u00e8s une journ\u00e9e de formation aux premiers secours fin juin, les r\u00e9cipiendaires ont re\u00e7u leur dipl\u00f4me, vendredi 11 juillet. Sur une id\u00e9e de Marianne Goursaud, employ\u00e9e municipale de la Poste [&hellip;]<\/p>\n","protected":false},"author":1,"featured_media":0,"parent":0,"menu_order":0,"comment_status":"closed","ping_status":"closed","template":"","meta":{"footnotes":""},"class_list":["post-409","page","type-page","status-publish","hentry"],"_links":{"self":[{"href":"https:\/\/www.etagnac.fr\/index.php?rest_route=\/wp\/v2\/pages\/409","targetHints":{"allow":["GET"]}}],"collection":[{"href":"https:\/\/www.etagnac.fr\/index.php?rest_route=\/wp\/v2\/pages"}],"about":[{"href":"https:\/\/www.etagnac.fr\/index.php?rest_route=\/wp\/v2\/types\/page"}],"author":[{"embeddable":true,"href":"https:\/\/www.etagnac.fr\/index.php?rest_route=\/wp\/v2\/users\/1"}],"replies":[{"embeddable":true,"href":"https:\/\/www.etagnac.fr\/index.php?rest_route=%2Fwp%2Fv2%2Fcomments&post=409"}],"version-history":[{"count":11,"href":"https:\/\/www.etagnac.fr\/index.php?rest_route=\/wp\/v2\/pages\/409\/revisions"}],"predecessor-version":[{"id":2325,"href":"https:\/\/www.etagnac.fr\/index.php?rest_route=\/wp\/v2\/pages\/409\/revisions\/2325"}],"wp:attachment":[{"href":"https:\/\/www.etagnac.fr\/index.php?rest_route=%2Fwp%2Fv2%2Fmedia&parent=409"}],"curies":[{"name":"wp","href":"https:\/\/api.w.org\/{rel}","templated":true}]}}