{"id":412,"date":"2021-11-27T08:53:30","date_gmt":"2021-11-27T08:53:30","guid":{"rendered":"http:\/\/dev.etagnac.fr\/?page_id=412"},"modified":"2022-10-10T09:51:28","modified_gmt":"2022-10-10T07:51:28","slug":"la-poste","status":"publish","type":"page","link":"https:\/\/www.etagnac.fr\/?page_id=412","title":{"rendered":"La Poste"},"content":{"rendered":"\n<figure class=\"wp-block-gallery has-nested-images columns-default is-cropped wp-block-gallery-1 is-layout-flex wp-block-gallery-is-layout-flex\">\n<figure class=\"wp-block-image size-large\"><img loading=\"lazy\" decoding=\"async\" width=\"1024\" height=\"472\" data-id=\"1087\" src=\"https:\/\/www.etagnac.fr\/wp-content\/uploads\/2022\/10\/la-poste-1024x472.jpg\" alt=\"\" class=\"wp-image-1087\" srcset=\"https:\/\/www.etagnac.fr\/wp-content\/uploads\/2022\/10\/la-poste-1024x472.jpg 1024w, https:\/\/www.etagnac.fr\/wp-content\/uploads\/2022\/10\/la-poste-300x138.jpg 300w, https:\/\/www.etagnac.fr\/wp-content\/uploads\/2022\/10\/la-poste-768x354.jpg 768w, https:\/\/www.etagnac.fr\/wp-content\/uploads\/2022\/10\/la-poste-1536x709.jpg 1536w, https:\/\/www.etagnac.fr\/wp-content\/uploads\/2022\/10\/la-poste-2048x945.jpg 2048w\" sizes=\"auto, (max-width: 1024px) 100vw, 1024px\" \/><figcaption>Le bureau de poste de la commune<\/figcaption><\/figure>\n<figcaption class=\"blocks-gallery-caption\"><br><\/figcaption><\/figure>\n\n\n\n<p>30, grand rue<br>16 150 \u00c9tagnac<br>T\u00e9l. 05 45 89 05 17<br>mail : apc@etagnac.fr<\/p>\n\n\n\n<hr class=\"wp-block-separator has-alpha-channel-opacity\"\/>\n\n\n\n<p>Horaires<br>Lundi, mardi, jeudi, vendredi de 9 h \u00e0 12 h et de 14 h \u00e0 16 h 30<br>Mercredi de 9 h \u00e0 12 h et de 14 h \u00e0 15 h<br>Samedi de 9 h \u00e0 12 h<\/p>\n\n\n\n<hr class=\"wp-block-separator has-alpha-channel-opacity\"\/>\n\n\n\n<p>Heures limites de d\u00e9p\u00f4t du courrier &#8211; colis &#8211; Chronopost<br>Du lundi au vendredi : 14 h 30<br>Samedi : 9 h 30<\/p>\n\n\n\n<hr class=\"wp-block-separator has-alpha-channel-opacity\"\/>\n\n\n\n<p>En plus de la vente de timbres, colis, chronopost, poste mobile et services financiers, vous trouverez de nombreux accessoires r\u00e9alis\u00e9s par des cr\u00e9ateurs locaux. <\/p>\n","protected":false},"excerpt":{"rendered":"<p>30, grand rue16 150 \u00c9tagnacT\u00e9l. 05 45 89 05 17mail : apc@etagnac.fr HorairesLundi, mardi, jeudi, vendredi de 9 h \u00e0 12 h et de 14 h \u00e0 16 h 30Mercredi [&hellip;]<\/p>\n","protected":false},"author":1,"featured_media":0,"parent":0,"menu_order":0,"comment_status":"closed","ping_status":"closed","template":"","meta":{"footnotes":""},"class_list":["post-412","page","type-page","status-publish","hentry"],"_links":{"self":[{"href":"https:\/\/www.etagnac.fr\/index.php?rest_route=\/wp\/v2\/pages\/412","targetHints":{"allow":["GET"]}}],"collection":[{"href":"https:\/\/www.etagnac.fr\/index.php?rest_route=\/wp\/v2\/pages"}],"about":[{"href":"https:\/\/www.etagnac.fr\/index.php?rest_route=\/wp\/v2\/types\/page"}],"author":[{"embeddable":true,"href":"https:\/\/www.etagnac.fr\/index.php?rest_route=\/wp\/v2\/users\/1"}],"replies":[{"embeddable":true,"href":"https:\/\/www.etagnac.fr\/index.php?rest_route=%2Fwp%2Fv2%2Fcomments&post=412"}],"version-history":[{"count":9,"href":"https:\/\/www.etagnac.fr\/index.php?rest_route=\/wp\/v2\/pages\/412\/revisions"}],"predecessor-version":[{"id":1088,"href":"https:\/\/www.etagnac.fr\/index.php?rest_route=\/wp\/v2\/pages\/412\/revisions\/1088"}],"wp:attachment":[{"href":"https:\/\/www.etagnac.fr\/index.php?rest_route=%2Fwp%2Fv2%2Fmedia&parent=412"}],"curies":[{"name":"wp","href":"https:\/\/api.w.org\/{rel}","templated":true}]}}